{"id":1042,"date":"2024-11-06T14:52:40","date_gmt":"2024-11-06T14:52:40","guid":{"rendered":"https:\/\/divinediagonal.pt\/about-us\/"},"modified":"2024-12-01T19:10:43","modified_gmt":"2024-12-01T19:10:43","slug":"about-us","status":"publish","type":"page","link":"https:\/\/divinediagonal.pt\/en\/about-us\/","title":{"rendered":"About Us"},"content":{"rendered":"\t\t<div data-elementor-type=\"wp-page\" data-elementor-id=\"1042\" class=\"elementor elementor-1042 elementor-71\" data-elementor-post-type=\"page\">\n\t\t\t\t<div class=\"elementor-element elementor-element-dabdfa5 e-flex e-con-boxed e-con e-parent\" data-id=\"dabdfa5\" data-element_type=\"container\" data-e-type=\"container\" data-settings=\"{&quot;background_background&quot;:&quot;classic&quot;}\">\n\t\t\t\t\t<div class=\"e-con-inner\">\n\t\t<div class=\"elementor-element elementor-element-cf48dac e-con-full e-flex e-con e-child\" data-id=\"cf48dac\" data-element_type=\"container\" data-e-type=\"container\">\n\t\t\t\t<\/div>\n\t\t\t\t\t<\/div>\n\t\t\t\t<\/div>\n\t\t\t\t<section class=\"elementor-section elementor-top-section elementor-element elementor-element-480f637d elementor-section-boxed elementor-section-height-default elementor-section-height-default\" data-id=\"480f637d\" data-element_type=\"section\" data-e-type=\"section\">\n\t\t\t\t\t\t<div class=\"elementor-container elementor-column-gap-default\">\n\t\t\t\t\t<div class=\"elementor-column elementor-col-100 elementor-top-column elementor-element elementor-element-6ddedcfa\" data-id=\"6ddedcfa\" data-element_type=\"column\" data-e-type=\"column\">\n\t\t\t<div class=\"elementor-widget-wrap elementor-element-populated\">\n\t\t\t\t\t\t<div class=\"elementor-element elementor-element-dcb7195 elementor-invisible elementor-widget elementor-widget-heading\" data-id=\"dcb7195\" data-element_type=\"widget\" data-e-type=\"widget\" data-settings=\"{&quot;_animation&quot;:&quot;fadeInUp&quot;}\" data-widget_type=\"heading.default\">\n\t\t\t\t<div class=\"elementor-widget-container\">\n\t\t\t\t\t<span class=\"elementor-heading-title elementor-size-default\">Divine diagonal<\/span>\t\t\t\t<\/div>\n\t\t\t\t<\/div>\n\t\t\t\t<div class=\"elementor-element elementor-element-514c8027 elementor-invisible elementor-widget elementor-widget-heading\" data-id=\"514c8027\" data-element_type=\"widget\" data-e-type=\"widget\" data-settings=\"{&quot;_animation&quot;:&quot;fadeInUp&quot;,&quot;_animation_delay&quot;:200}\" data-widget_type=\"heading.default\">\n\t\t\t\t<div class=\"elementor-widget-container\">\n\t\t\t\t\t<h2 class=\"elementor-heading-title elementor-size-default\">Our History<\/h2>\t\t\t\t<\/div>\n\t\t\t\t<\/div>\n\t\t\t\t\t<\/div>\n\t\t<\/div>\n\t\t\t\t\t<\/div>\n\t\t<\/section>\n\t\t<div class=\"elementor-element elementor-element-65d9617 e-flex e-con-boxed e-con e-parent\" data-id=\"65d9617\" data-element_type=\"container\" data-e-type=\"container\">\n\t\t\t\t\t<div class=\"e-con-inner\">\n\t\t<div class=\"elementor-element elementor-element-263a1c3 e-con-full e-flex e-con e-child\" data-id=\"263a1c3\" data-element_type=\"container\" data-e-type=\"container\">\n\t\t\t\t<div class=\"elementor-element elementor-element-bf093ff elementor-widget elementor-widget-text-editor\" data-id=\"bf093ff\" data-element_type=\"widget\" data-e-type=\"widget\" data-widget_type=\"text-editor.default\">\n\t\t\t\t<div class=\"elementor-widget-container\">\n\t\t\t\t\t\t\t\t\t<p>Founded on September 5, 2019, Divine Diagonal was born from the vision of our CEO, Teresa Rei, with the aim of going beyond traditional cleaning services.\u00a0<\/p><p>Our mission is to create impeccable environments, giving our clients a sense of well-being, whether in their homes, offices, clinics, local accommodation or resorts. We want every space to feel comfortable and welcoming.<\/p>\t\t\t\t\t\t\t\t<\/div>\n\t\t\t\t<\/div>\n\t\t\t\t<div class=\"elementor-element elementor-element-96e6b22 elementor-hidden-desktop elementor-widget elementor-widget-image\" data-id=\"96e6b22\" data-element_type=\"widget\" data-e-type=\"widget\" data-widget_type=\"image.default\">\n\t\t\t\t<div class=\"elementor-widget-container\">\n\t\t\t\t\t\t\t\t\t\t\t\t\t\t\t<img fetchpriority=\"high\" decoding=\"async\" width=\"800\" height=\"666\" src=\"https:\/\/divinediagonal.pt\/wp-content\/uploads\/2024\/11\/IMG_20240919_120919-scaled-e1732631108968-1024x853.jpg\" class=\"attachment-large size-large wp-image-1023\" alt=\"Somos especialistas em servi\u00e7os de limpeza para Caldas da Rainha, \u00d3bidos, Peniche, S\u00e3o Martinho do Porto, Alcoba\u00e7a, Lourinh\u00e3 e Torres Vedras.\" srcset=\"https:\/\/divinediagonal.pt\/wp-content\/uploads\/2024\/11\/IMG_20240919_120919-scaled-e1732631108968-1024x853.jpg 1024w, https:\/\/divinediagonal.pt\/wp-content\/uploads\/2024\/11\/IMG_20240919_120919-scaled-e1732631108968-300x250.jpg 300w, https:\/\/divinediagonal.pt\/wp-content\/uploads\/2024\/11\/IMG_20240919_120919-scaled-e1732631108968-768x640.jpg 768w, https:\/\/divinediagonal.pt\/wp-content\/uploads\/2024\/11\/IMG_20240919_120919-scaled-e1732631108968-1536x1280.jpg 1536w, https:\/\/divinediagonal.pt\/wp-content\/uploads\/2024\/11\/IMG_20240919_120919-scaled-e1732631108968-2048x1706.jpg 2048w\" sizes=\"(max-width: 800px) 100vw, 800px\" \/>\t\t\t\t\t\t\t\t\t\t\t\t\t\t\t<\/div>\n\t\t\t\t<\/div>\n\t\t\t\t<div class=\"elementor-element elementor-element-91a3cb3 elementor-widget elementor-widget-text-editor\" data-id=\"91a3cb3\" data-element_type=\"widget\" data-e-type=\"widget\" data-widget_type=\"text-editor.default\">\n\t\t\t\t<div class=\"elementor-widget-container\">\n\t\t\t\t\t\t\t\t\t<p>In the beginning, we served a limited audience, but today we are proud to cover the entire West Zone (Zona Oeste), with a broad portfolio of clients and business partners. This growth reflects our commitment to quality and the satisfaction of those who trust us.<\/p>\n<p>We work with speed, efficiency and a trained team that undergoes regular training to ensure the best results. In addition, we value sustainability, using biodegradable products that take care of the environment while taking care of your spaces.<\/p>\n<p>Would you like to transform your environment into a clean, organized and welcoming space? Try our services and feel the difference. Contact us today and let us exceed your expectations!<\/p>\t\t\t\t\t\t\t\t<\/div>\n\t\t\t\t<\/div>\n\t\t\t\t<\/div>\n\t\t<div class=\"elementor-element elementor-element-a9c3e06 e-con-full e-flex e-con e-child\" data-id=\"a9c3e06\" data-element_type=\"container\" data-e-type=\"container\">\n\t\t\t\t<div class=\"elementor-element elementor-element-d65ee1b elementor-widget elementor-widget-image\" data-id=\"d65ee1b\" data-element_type=\"widget\" data-e-type=\"widget\" data-widget_type=\"image.default\">\n\t\t\t\t<div class=\"elementor-widget-container\">\n\t\t\t\t\t\t\t\t\t\t\t\t\t\t\t<img decoding=\"async\" width=\"800\" height=\"800\" src=\"https:\/\/divinediagonal.pt\/wp-content\/uploads\/2024\/11\/IMG_20240919_120901-1024x1024.jpg\" class=\"attachment-large size-large wp-image-1024\" alt=\"Carrinha de Limpezas da Divine Diagona - Empresa de Limpezas em Caldas daRainha\" srcset=\"https:\/\/divinediagonal.pt\/wp-content\/uploads\/2024\/11\/IMG_20240919_120901-1024x1024.jpg 1024w, https:\/\/divinediagonal.pt\/wp-content\/uploads\/2024\/11\/IMG_20240919_120901-300x300.jpg 300w, https:\/\/divinediagonal.pt\/wp-content\/uploads\/2024\/11\/IMG_20240919_120901-150x150.jpg 150w, https:\/\/divinediagonal.pt\/wp-content\/uploads\/2024\/11\/IMG_20240919_120901-768x768.jpg 768w, https:\/\/divinediagonal.pt\/wp-content\/uploads\/2024\/11\/IMG_20240919_120901-1536x1536.jpg 1536w, https:\/\/divinediagonal.pt\/wp-content\/uploads\/2024\/11\/IMG_20240919_120901-2048x2048.jpg 2048w\" sizes=\"(max-width: 800px) 100vw, 800px\" \/>\t\t\t\t\t\t\t\t\t\t\t\t\t\t\t<\/div>\n\t\t\t\t<\/div>\n\t\t\t\t<\/div>\n\t\t\t\t\t<\/div>\n\t\t\t\t<\/div>\n\t\t\t\t<\/div>\n\t\t","protected":false},"excerpt":{"rendered":"<p>Divine diagonal Our History Founded on September 5, 2019, Divine Diagonal was born from the vision of our CEO, Teresa Rei, with the aim of going beyond traditional cleaning services.\u00a0 Our mission is to create impeccable environments, giving our clients a sense of well-being, whether in their homes, offices, clinics, local accommodation or resorts. We [&hellip;]<\/p>\n","protected":false},"author":1,"featured_media":0,"parent":0,"menu_order":0,"comment_status":"closed","ping_status":"closed","template":"elementor_header_footer","meta":{"footnotes":""},"class_list":["post-1042","page","type-page","status-publish","hentry"],"yoast_head":"<!-- This site is optimized with the Yoast SEO plugin v27.2 - https:\/\/yoast.com\/product\/yoast-seo-wordpress\/ -->\n<title>About Us - Divine Diagonal Cleaning Services Caldas da Rainha<\/title>\n<meta name=\"description\" content=\"About Us - Divine Diagonal - Cleaning services for Caldas da Rainha, \u00d3bidos, Peniche, S\u00e3o Martinho do Porto, Alcoba\u00e7a, Lourinh\u00e3 and Torres Vedras. Impeccable, professional and punctual cleaning for all kinds of spaces.\" \/>\n<meta name=\"robots\" content=\"index, follow, max-snippet:-1, max-image-preview:large, max-video-preview:-1\" \/>\n<link rel=\"canonical\" href=\"https:\/\/divinediagonal.pt\/en\/about-us\/\" \/>\n<meta property=\"og:locale\" content=\"en_US\" \/>\n<meta property=\"og:type\" content=\"article\" \/>\n<meta property=\"og:title\" content=\"About Us - Divine Diagonal Cleaning Services Caldas da Rainha\" \/>\n<meta property=\"og:description\" content=\"About Us - Divine Diagonal - Cleaning services for Caldas da Rainha, \u00d3bidos, Peniche, S\u00e3o Martinho do Porto, Alcoba\u00e7a, Lourinh\u00e3 and Torres Vedras. Impeccable, professional and punctual cleaning for all kinds of spaces.\" \/>\n<meta property=\"og:url\" content=\"https:\/\/divinediagonal.pt\/en\/about-us\/\" \/>\n<meta property=\"og:site_name\" content=\"Divine Diagonal\" \/>\n<meta property=\"article:modified_time\" content=\"2024-12-01T19:10:43+00:00\" \/>\n<meta property=\"og:image\" content=\"https:\/\/divinediagonal.pt\/wp-content\/uploads\/2024\/11\/IMG_20240919_120919-scaled-e1732631108968.jpg\" \/>\n\t<meta property=\"og:image:width\" content=\"2560\" \/>\n\t<meta property=\"og:image:height\" content=\"2133\" \/>\n\t<meta property=\"og:image:type\" content=\"image\/jpeg\" \/>\n<meta name=\"twitter:card\" content=\"summary_large_image\" \/>\n<meta name=\"twitter:label1\" content=\"Est. reading time\" \/>\n\t<meta name=\"twitter:data1\" content=\"2 minutes\" \/>\n<script type=\"application\/ld+json\" class=\"yoast-schema-graph\">{\"@context\":\"https:\/\/schema.org\",\"@graph\":[{\"@type\":\"WebPage\",\"@id\":\"https:\/\/divinediagonal.pt\/en\/about-us\/\",\"url\":\"https:\/\/divinediagonal.pt\/en\/about-us\/\",\"name\":\"About Us - Divine Diagonal Cleaning Services Caldas da Rainha\",\"isPartOf\":{\"@id\":\"https:\/\/divinediagonal.pt\/en\/#website\"},\"primaryImageOfPage\":{\"@id\":\"https:\/\/divinediagonal.pt\/en\/about-us\/#primaryimage\"},\"image\":{\"@id\":\"https:\/\/divinediagonal.pt\/en\/about-us\/#primaryimage\"},\"thumbnailUrl\":\"https:\/\/divinediagonal.pt\/wp-content\/uploads\/2024\/11\/IMG_20240919_120919-scaled-e1732631108968-1024x853.jpg\",\"datePublished\":\"2024-11-06T14:52:40+00:00\",\"dateModified\":\"2024-12-01T19:10:43+00:00\",\"description\":\"About Us - Divine Diagonal - Cleaning services for Caldas da Rainha, \u00d3bidos, Peniche, S\u00e3o Martinho do Porto, Alcoba\u00e7a, Lourinh\u00e3 and Torres Vedras. Impeccable, professional and punctual cleaning for all kinds of spaces.\",\"breadcrumb\":{\"@id\":\"https:\/\/divinediagonal.pt\/en\/about-us\/#breadcrumb\"},\"inLanguage\":\"en-US\",\"potentialAction\":[{\"@type\":\"ReadAction\",\"target\":[\"https:\/\/divinediagonal.pt\/en\/about-us\/\"]}]},{\"@type\":\"ImageObject\",\"inLanguage\":\"en-US\",\"@id\":\"https:\/\/divinediagonal.pt\/en\/about-us\/#primaryimage\",\"url\":\"https:\/\/divinediagonal.pt\/wp-content\/uploads\/2024\/11\/IMG_20240919_120919-scaled-e1732631108968-1024x853.jpg\",\"contentUrl\":\"https:\/\/divinediagonal.pt\/wp-content\/uploads\/2024\/11\/IMG_20240919_120919-scaled-e1732631108968-1024x853.jpg\"},{\"@type\":\"BreadcrumbList\",\"@id\":\"https:\/\/divinediagonal.pt\/en\/about-us\/#breadcrumb\",\"itemListElement\":[{\"@type\":\"ListItem\",\"position\":1,\"name\":\"Home\",\"item\":\"https:\/\/divinediagonal.pt\/en\/\"},{\"@type\":\"ListItem\",\"position\":2,\"name\":\"About Us\"}]},{\"@type\":\"WebSite\",\"@id\":\"https:\/\/divinediagonal.pt\/en\/#website\",\"url\":\"https:\/\/divinediagonal.pt\/en\/\",\"name\":\"Divine Diagonal\",\"description\":\"Servi\u00e7os de limpeza para Caldas da Rainha e Zona Oeste\",\"publisher\":{\"@id\":\"https:\/\/divinediagonal.pt\/en\/#organization\"},\"potentialAction\":[{\"@type\":\"SearchAction\",\"target\":{\"@type\":\"EntryPoint\",\"urlTemplate\":\"https:\/\/divinediagonal.pt\/en\/?s={search_term_string}\"},\"query-input\":{\"@type\":\"PropertyValueSpecification\",\"valueRequired\":true,\"valueName\":\"search_term_string\"}}],\"inLanguage\":\"en-US\"},{\"@type\":\"Organization\",\"@id\":\"https:\/\/divinediagonal.pt\/en\/#organization\",\"name\":\"Divine Diagonal Unipessoal, Lda\",\"url\":\"https:\/\/divinediagonal.pt\/en\/\",\"logo\":{\"@type\":\"ImageObject\",\"inLanguage\":\"en-US\",\"@id\":\"https:\/\/divinediagonal.pt\/en\/#\/schema\/logo\/image\/\",\"url\":\"https:\/\/divinediagonal.pt\/wp-content\/uploads\/2024\/11\/Logo-Divine-Diagonal-Limpezas-em-Caldas-da-Rainha.jpg\",\"contentUrl\":\"https:\/\/divinediagonal.pt\/wp-content\/uploads\/2024\/11\/Logo-Divine-Diagonal-Limpezas-em-Caldas-da-Rainha.jpg\",\"width\":1033,\"height\":832,\"caption\":\"Divine Diagonal Unipessoal, Lda\"},\"image\":{\"@id\":\"https:\/\/divinediagonal.pt\/en\/#\/schema\/logo\/image\/\"},\"sameAs\":[\"https:\/\/www.instagram.com\/divine_diagonal\/\"]}]}<\/script>\n<!-- \/ Yoast SEO plugin. -->","yoast_head_json":{"title":"About Us - Divine Diagonal Cleaning Services Caldas da Rainha","description":"About Us - Divine Diagonal - Cleaning services for Caldas da Rainha, \u00d3bidos, Peniche, S\u00e3o Martinho do Porto, Alcoba\u00e7a, Lourinh\u00e3 and Torres Vedras. Impeccable, professional and punctual cleaning for all kinds of spaces.","robots":{"index":"index","follow":"follow","max-snippet":"max-snippet:-1","max-image-preview":"max-image-preview:large","max-video-preview":"max-video-preview:-1"},"canonical":"https:\/\/divinediagonal.pt\/en\/about-us\/","og_locale":"en_US","og_type":"article","og_title":"About Us - Divine Diagonal Cleaning Services Caldas da Rainha","og_description":"About Us - Divine Diagonal - Cleaning services for Caldas da Rainha, \u00d3bidos, Peniche, S\u00e3o Martinho do Porto, Alcoba\u00e7a, Lourinh\u00e3 and Torres Vedras. Impeccable, professional and punctual cleaning for all kinds of spaces.","og_url":"https:\/\/divinediagonal.pt\/en\/about-us\/","og_site_name":"Divine Diagonal","article_modified_time":"2024-12-01T19:10:43+00:00","og_image":[{"width":2560,"height":2133,"url":"https:\/\/divinediagonal.pt\/wp-content\/uploads\/2024\/11\/IMG_20240919_120919-scaled-e1732631108968.jpg","type":"image\/jpeg"}],"twitter_card":"summary_large_image","twitter_misc":{"Est. reading time":"2 minutes"},"schema":{"@context":"https:\/\/schema.org","@graph":[{"@type":"WebPage","@id":"https:\/\/divinediagonal.pt\/en\/about-us\/","url":"https:\/\/divinediagonal.pt\/en\/about-us\/","name":"About Us - Divine Diagonal Cleaning Services Caldas da Rainha","isPartOf":{"@id":"https:\/\/divinediagonal.pt\/en\/#website"},"primaryImageOfPage":{"@id":"https:\/\/divinediagonal.pt\/en\/about-us\/#primaryimage"},"image":{"@id":"https:\/\/divinediagonal.pt\/en\/about-us\/#primaryimage"},"thumbnailUrl":"https:\/\/divinediagonal.pt\/wp-content\/uploads\/2024\/11\/IMG_20240919_120919-scaled-e1732631108968-1024x853.jpg","datePublished":"2024-11-06T14:52:40+00:00","dateModified":"2024-12-01T19:10:43+00:00","description":"About Us - Divine Diagonal - Cleaning services for Caldas da Rainha, \u00d3bidos, Peniche, S\u00e3o Martinho do Porto, Alcoba\u00e7a, Lourinh\u00e3 and Torres Vedras. Impeccable, professional and punctual cleaning for all kinds of spaces.","breadcrumb":{"@id":"https:\/\/divinediagonal.pt\/en\/about-us\/#breadcrumb"},"inLanguage":"en-US","potentialAction":[{"@type":"ReadAction","target":["https:\/\/divinediagonal.pt\/en\/about-us\/"]}]},{"@type":"ImageObject","inLanguage":"en-US","@id":"https:\/\/divinediagonal.pt\/en\/about-us\/#primaryimage","url":"https:\/\/divinediagonal.pt\/wp-content\/uploads\/2024\/11\/IMG_20240919_120919-scaled-e1732631108968-1024x853.jpg","contentUrl":"https:\/\/divinediagonal.pt\/wp-content\/uploads\/2024\/11\/IMG_20240919_120919-scaled-e1732631108968-1024x853.jpg"},{"@type":"BreadcrumbList","@id":"https:\/\/divinediagonal.pt\/en\/about-us\/#breadcrumb","itemListElement":[{"@type":"ListItem","position":1,"name":"Home","item":"https:\/\/divinediagonal.pt\/en\/"},{"@type":"ListItem","position":2,"name":"About Us"}]},{"@type":"WebSite","@id":"https:\/\/divinediagonal.pt\/en\/#website","url":"https:\/\/divinediagonal.pt\/en\/","name":"Divine Diagonal","description":"Servi\u00e7os de limpeza para Caldas da Rainha e Zona Oeste","publisher":{"@id":"https:\/\/divinediagonal.pt\/en\/#organization"},"potentialAction":[{"@type":"SearchAction","target":{"@type":"EntryPoint","urlTemplate":"https:\/\/divinediagonal.pt\/en\/?s={search_term_string}"},"query-input":{"@type":"PropertyValueSpecification","valueRequired":true,"valueName":"search_term_string"}}],"inLanguage":"en-US"},{"@type":"Organization","@id":"https:\/\/divinediagonal.pt\/en\/#organization","name":"Divine Diagonal Unipessoal, Lda","url":"https:\/\/divinediagonal.pt\/en\/","logo":{"@type":"ImageObject","inLanguage":"en-US","@id":"https:\/\/divinediagonal.pt\/en\/#\/schema\/logo\/image\/","url":"https:\/\/divinediagonal.pt\/wp-content\/uploads\/2024\/11\/Logo-Divine-Diagonal-Limpezas-em-Caldas-da-Rainha.jpg","contentUrl":"https:\/\/divinediagonal.pt\/wp-content\/uploads\/2024\/11\/Logo-Divine-Diagonal-Limpezas-em-Caldas-da-Rainha.jpg","width":1033,"height":832,"caption":"Divine Diagonal Unipessoal, Lda"},"image":{"@id":"https:\/\/divinediagonal.pt\/en\/#\/schema\/logo\/image\/"},"sameAs":["https:\/\/www.instagram.com\/divine_diagonal\/"]}]}},"_links":{"self":[{"href":"https:\/\/divinediagonal.pt\/en\/wp-json\/wp\/v2\/pages\/1042","targetHints":{"allow":["GET"]}}],"collection":[{"href":"https:\/\/divinediagonal.pt\/en\/wp-json\/wp\/v2\/pages"}],"about":[{"href":"https:\/\/divinediagonal.pt\/en\/wp-json\/wp\/v2\/types\/page"}],"author":[{"embeddable":true,"href":"https:\/\/divinediagonal.pt\/en\/wp-json\/wp\/v2\/users\/1"}],"replies":[{"embeddable":true,"href":"https:\/\/divinediagonal.pt\/en\/wp-json\/wp\/v2\/comments?post=1042"}],"version-history":[{"count":8,"href":"https:\/\/divinediagonal.pt\/en\/wp-json\/wp\/v2\/pages\/1042\/revisions"}],"predecessor-version":[{"id":1142,"href":"https:\/\/divinediagonal.pt\/en\/wp-json\/wp\/v2\/pages\/1042\/revisions\/1142"}],"wp:attachment":[{"href":"https:\/\/divinediagonal.pt\/en\/wp-json\/wp\/v2\/media?parent=1042"}],"curies":[{"name":"wp","href":"https:\/\/api.w.org\/{rel}","templated":true}]}}