{"id":1045,"date":"2024-11-06T14:54:59","date_gmt":"2024-11-06T14:54:59","guid":{"rendered":"https:\/\/divinediagonal.pt\/contact\/"},"modified":"2024-12-01T19:19:27","modified_gmt":"2024-12-01T19:19:27","slug":"contact","status":"publish","type":"page","link":"https:\/\/divinediagonal.pt\/en\/contact\/","title":{"rendered":"Contact"},"content":{"rendered":"\t\t<div data-elementor-type=\"wp-page\" data-elementor-id=\"1045\" class=\"elementor elementor-1045 elementor-81\" data-elementor-post-type=\"page\">\n\t\t\t\t<div class=\"elementor-element elementor-element-5026859 e-flex e-con-boxed e-con e-parent\" data-id=\"5026859\" data-element_type=\"container\" data-e-type=\"container\" data-settings=\"{&quot;background_background&quot;:&quot;classic&quot;}\">\n\t\t\t\t\t<div class=\"e-con-inner\">\n\t\t<div class=\"elementor-element elementor-element-6706749 e-con-full e-flex e-con e-child\" data-id=\"6706749\" data-element_type=\"container\" data-e-type=\"container\">\n\t\t\t\t<div class=\"elementor-element elementor-element-dd1ebfd elementor-widget elementor-widget-heading\" data-id=\"dd1ebfd\" data-element_type=\"widget\" data-e-type=\"widget\" data-widget_type=\"heading.default\">\n\t\t\t\t<div class=\"elementor-widget-container\">\n\t\t\t\t\t<h1 class=\"elementor-heading-title elementor-size-default\">Contacts<\/h1>\t\t\t\t<\/div>\n\t\t\t\t<\/div>\n\t\t\t\t<\/div>\n\t\t\t\t\t<\/div>\n\t\t\t\t<\/div>\n\t\t<div class=\"elementor-element elementor-element-1e0227c e-flex e-con-boxed e-con e-parent\" data-id=\"1e0227c\" data-element_type=\"container\" data-e-type=\"container\">\n\t\t\t\t\t<div class=\"e-con-inner\">\n\t\t<div class=\"elementor-element elementor-element-3ff66c2 e-con-full e-flex e-con e-child\" data-id=\"3ff66c2\" data-element_type=\"container\" data-e-type=\"container\">\n\t\t\t\t<div class=\"elementor-element elementor-element-a0a17d0 elementor-invisible elementor-widget elementor-widget-heading\" data-id=\"a0a17d0\" data-element_type=\"widget\" data-e-type=\"widget\" id=\"orcamentos\" data-settings=\"{&quot;_animation&quot;:&quot;fadeInUp&quot;}\" data-widget_type=\"heading.default\">\n\t\t\t\t<div class=\"elementor-widget-container\">\n\t\t\t\t\t<span class=\"elementor-heading-title elementor-size-default\">GET IN TOUCH<\/span>\t\t\t\t<\/div>\n\t\t\t\t<\/div>\n\t\t\t\t<div class=\"elementor-element elementor-element-1220b31 elementor-invisible elementor-widget elementor-widget-heading\" data-id=\"1220b31\" data-element_type=\"widget\" data-e-type=\"widget\" data-settings=\"{&quot;_animation&quot;:&quot;fadeInUp&quot;,&quot;_animation_delay&quot;:200}\" data-widget_type=\"heading.default\">\n\t\t\t\t<div class=\"elementor-widget-container\">\n\t\t\t\t\t<h2 class=\"elementor-heading-title elementor-size-default\">LET'S TALK!<\/h2>\t\t\t\t<\/div>\n\t\t\t\t<\/div>\n\t\t\t\t<div class=\"elementor-element elementor-element-e53d5b3 elementor-widget elementor-widget-text-editor\" data-id=\"e53d5b3\" data-element_type=\"widget\" data-e-type=\"widget\" data-widget_type=\"text-editor.default\">\n\t\t\t\t<div class=\"elementor-widget-container\">\n\t\t\t\t\t\t\t\t\t<p>Do you have a question, need a quote or just want to talk about how we can help your project? Get in touch with us by phone, email or using the form below. We&#8217;d love to talk to you!<\/p>\t\t\t\t\t\t\t\t<\/div>\n\t\t\t\t<\/div>\n\t\t\t\t<\/div>\n\t\t\t\t\t<\/div>\n\t\t\t\t<\/div>\n\t\t<div class=\"elementor-element elementor-element-cd9516b e-flex e-con-boxed e-con e-parent\" data-id=\"cd9516b\" data-element_type=\"container\" data-e-type=\"container\" data-settings=\"{&quot;background_background&quot;:&quot;classic&quot;}\">\n\t\t\t\t\t<div class=\"e-con-inner\">\n\t\t<div class=\"elementor-element elementor-element-1cc5470 e-con-full e-flex e-con e-child\" data-id=\"1cc5470\" data-element_type=\"container\" data-e-type=\"container\">\n\t\t<div class=\"elementor-element elementor-element-eeaf083 e-con-full e-flex e-con e-child\" data-id=\"eeaf083\" data-element_type=\"container\" data-e-type=\"container\">\n\t\t\t\t<div class=\"elementor-element elementor-element-30bd674 elementor-view-default elementor-position-block-start elementor-mobile-position-block-start elementor-widget elementor-widget-icon-box\" data-id=\"30bd674\" data-element_type=\"widget\" data-e-type=\"widget\" data-widget_type=\"icon-box.default\">\n\t\t\t\t<div class=\"elementor-widget-container\">\n\t\t\t\t\t\t\t<div class=\"elementor-icon-box-wrapper\">\n\n\t\t\t\t\t\t<div class=\"elementor-icon-box-icon\">\n\t\t\t\t<span  class=\"elementor-icon\">\n\t\t\t\t<svg aria-hidden=\"true\" class=\"e-font-icon-svg e-fas-phone-square-alt\" viewBox=\"0 0 448 512\" xmlns=\"http:\/\/www.w3.org\/2000\/svg\"><path d=\"M400 32H48A48 48 0 0 0 0 80v352a48 48 0 0 0 48 48h352a48 48 0 0 0 48-48V80a48 48 0 0 0-48-48zm-16.39 307.37l-15 65A15 15 0 0 1 354 416C194 416 64 286.29 64 126a15.7 15.7 0 0 1 11.63-14.61l65-15A18.23 18.23 0 0 1 144 96a16.27 16.27 0 0 1 13.79 9.09l30 70A17.9 17.9 0 0 1 189 181a17 17 0 0 1-5.5 11.61l-37.89 31a231.91 231.91 0 0 0 110.78 110.78l31-37.89A17 17 0 0 1 299 291a17.85 17.85 0 0 1 5.91 1.21l70 30A16.25 16.25 0 0 1 384 336a17.41 17.41 0 0 1-.39 3.37z\"><\/path><\/svg>\t\t\t\t<\/span>\n\t\t\t<\/div>\n\t\t\t\n\t\t\t\t\t\t<div class=\"elementor-icon-box-content\">\n\n\t\t\t\t\t\t\t\t\t<h4 class=\"elementor-icon-box-title\">\n\t\t\t\t\t\t<span  >\n\t\t\t\t\t\t\tPhone\t\t\t\t\t\t<\/span>\n\t\t\t\t\t<\/h4>\n\t\t\t\t\n\t\t\t\t\t\t\t\t\t<p class=\"elementor-icon-box-description\">\n\t\t\t\t\t\t<span style=\"font-size:86%;font-weight:normal\">+351<\/span> <span style=\"font-weight:normal;font-size:110%\">969082517<\/span><sup style=\"font-size:52%;font-weight:normal\"> (1)<\/sup><\/br>\n<span style=\"font-size:86%;font-weight:normal\">+351<\/span> <span style=\"font-weight:normal;font-size:110%\">916183315<\/span><sup style=\"font-size:52%;font-weight:normal\"> (1)<\/sup>\t\t\t\t\t<\/p>\n\t\t\t\t\n\t\t\t<\/div>\n\t\t\t\n\t\t<\/div>\n\t\t\t\t\t\t<\/div>\n\t\t\t\t<\/div>\n\t\t\t\t<div class=\"elementor-element elementor-element-031d6a6 elementor-view-default elementor-position-block-start elementor-mobile-position-block-start elementor-widget elementor-widget-icon-box\" data-id=\"031d6a6\" data-element_type=\"widget\" data-e-type=\"widget\" data-widget_type=\"icon-box.default\">\n\t\t\t\t<div class=\"elementor-widget-container\">\n\t\t\t\t\t\t\t<div class=\"elementor-icon-box-wrapper\">\n\n\t\t\t\t\t\t<div class=\"elementor-icon-box-icon\">\n\t\t\t\t<a href=\"mailto:geral.divinediagonal@gmail.com\" class=\"elementor-icon\" tabindex=\"-1\" aria-label=\"E-mail\">\n\t\t\t\t<svg aria-hidden=\"true\" class=\"e-font-icon-svg e-fas-envelope\" viewBox=\"0 0 512 512\" xmlns=\"http:\/\/www.w3.org\/2000\/svg\"><path d=\"M502.3 190.8c3.9-3.1 9.7-.2 9.7 4.7V400c0 26.5-21.5 48-48 48H48c-26.5 0-48-21.5-48-48V195.6c0-5 5.7-7.8 9.7-4.7 22.4 17.4 52.1 39.5 154.1 113.6 21.1 15.4 56.7 47.8 92.2 47.6 35.7.3 72-32.8 92.3-47.6 102-74.1 131.6-96.3 154-113.7zM256 320c23.2.4 56.6-29.2 73.4-41.4 132.7-96.3 142.8-104.7 173.4-128.7 5.8-4.5 9.2-11.5 9.2-18.9v-19c0-26.5-21.5-48-48-48H48C21.5 64 0 85.5 0 112v19c0 7.4 3.4 14.3 9.2 18.9 30.6 23.9 40.7 32.4 173.4 128.7 16.8 12.2 50.2 41.8 73.4 41.4z\"><\/path><\/svg>\t\t\t\t<\/a>\n\t\t\t<\/div>\n\t\t\t\n\t\t\t\t\t\t<div class=\"elementor-icon-box-content\">\n\n\t\t\t\t\t\t\t\t\t<h4 class=\"elementor-icon-box-title\">\n\t\t\t\t\t\t<a href=\"mailto:geral.divinediagonal@gmail.com\" >\n\t\t\t\t\t\t\tE-mail\t\t\t\t\t\t<\/a>\n\t\t\t\t\t<\/h4>\n\t\t\t\t\n\t\t\t\t\t\t\t\t\t<p class=\"elementor-icon-box-description\">\n\t\t\t\t\t\t<span style=\"font-size:108%\">geral.divinediagonal@gmail.com<\/span>\t\t\t\t\t<\/p>\n\t\t\t\t\n\t\t\t<\/div>\n\t\t\t\n\t\t<\/div>\n\t\t\t\t\t\t<\/div>\n\t\t\t\t<\/div>\n\t\t\t\t<div class=\"elementor-element elementor-element-00d420d elementor-view-default elementor-position-block-start elementor-mobile-position-block-start elementor-widget elementor-widget-icon-box\" data-id=\"00d420d\" data-element_type=\"widget\" data-e-type=\"widget\" data-widget_type=\"icon-box.default\">\n\t\t\t\t<div class=\"elementor-widget-container\">\n\t\t\t\t\t\t\t<div class=\"elementor-icon-box-wrapper\">\n\n\t\t\t\t\t\t<div class=\"elementor-icon-box-icon\">\n\t\t\t\t<span  class=\"elementor-icon\">\n\t\t\t\t<svg aria-hidden=\"true\" class=\"e-font-icon-svg e-fas-map-marker-alt\" viewBox=\"0 0 384 512\" xmlns=\"http:\/\/www.w3.org\/2000\/svg\"><path d=\"M172.268 501.67C26.97 291.031 0 269.413 0 192 0 85.961 85.961 0 192 0s192 85.961 192 192c0 77.413-26.97 99.031-172.268 309.67-9.535 13.774-29.93 13.773-39.464 0zM192 272c44.183 0 80-35.817 80-80s-35.817-80-80-80-80 35.817-80 80 35.817 80 80 80z\"><\/path><\/svg>\t\t\t\t<\/span>\n\t\t\t<\/div>\n\t\t\t\n\t\t\t\t\t\t<div class=\"elementor-icon-box-content\">\n\n\t\t\t\t\t\t\t\t\t<h4 class=\"elementor-icon-box-title\">\n\t\t\t\t\t\t<span  >\n\t\t\t\t\t\t\tLocation\t\t\t\t\t\t<\/span>\n\t\t\t\t\t<\/h4>\n\t\t\t\t\n\t\t\t\t\t\t\t\t\t<p class=\"elementor-icon-box-description\">\n\t\t\t\t\t\tPedro \u00c1lvares Cabral Street, No. 9, Ground Floor, Right, 2500-290 Caldas da Rainha\t\t\t\t\t<\/p>\n\t\t\t\t\n\t\t\t<\/div>\n\t\t\t\n\t\t<\/div>\n\t\t\t\t\t\t<\/div>\n\t\t\t\t<\/div>\n\t\t\t\t<\/div>\n\t\t\t\t<\/div>\n\t\t<div class=\"elementor-element elementor-element-b8981ed e-con-full e-flex e-con e-child\" data-id=\"b8981ed\" data-element_type=\"container\" data-e-type=\"container\" data-settings=\"{&quot;background_background&quot;:&quot;classic&quot;}\">\n\t\t<div class=\"elementor-element elementor-element-8f21e3d e-con-full e-flex e-con e-child\" data-id=\"8f21e3d\" data-element_type=\"container\" data-e-type=\"container\" data-settings=\"{&quot;background_background&quot;:&quot;classic&quot;}\">\n\t\t\t\t<div class=\"elementor-element elementor-element-2ac9439 elementor-button-align-start elementor-tablet-button-align-center elementor-widget elementor-widget-form\" data-id=\"2ac9439\" data-element_type=\"widget\" data-e-type=\"widget\" data-settings=\"{&quot;step_next_label&quot;:&quot;Next&quot;,&quot;step_previous_label&quot;:&quot;Previous&quot;,&quot;button_width&quot;:&quot;100&quot;,&quot;step_type&quot;:&quot;number_text&quot;,&quot;step_icon_shape&quot;:&quot;circle&quot;}\" data-widget_type=\"form.default\">\n\t\t\t\t<div class=\"elementor-widget-container\">\n\t\t\t\t\t\t\t<form class=\"elementor-form\" method=\"post\" name=\"New Form\" aria-label=\"New Form\">\n\t\t\t<input type=\"hidden\" name=\"post_id\" value=\"1045\"\/>\n\t\t\t<input type=\"hidden\" name=\"form_id\" value=\"2ac9439\"\/>\n\t\t\t<input type=\"hidden\" name=\"referer_title\" value=\"Divine Diagonal\" \/>\n\n\t\t\t\n\t\t\t<div class=\"elementor-form-fields-wrapper elementor-labels-above\">\n\t\t\t\t\t\t\t\t<div class=\"elementor-field-type-text elementor-field-group elementor-column elementor-field-group-nome elementor-col-50 elementor-field-required\">\n\t\t\t\t\t\t\t\t\t\t\t\t<label for=\"form-field-nome\" class=\"elementor-field-label\">\n\t\t\t\t\t\t\t\tName\t\t\t\t\t\t\t<\/label>\n\t\t\t\t\t\t\t\t\t\t\t\t\t\t<input size=\"1\" type=\"text\" name=\"form_fields[nome]\" id=\"form-field-nome\" class=\"elementor-field elementor-size-sm  elementor-field-textual\" required=\"required\">\n\t\t\t\t\t\t\t\t\t\t\t<\/div>\n\t\t\t\t\t\t\t\t<div class=\"elementor-field-type-email elementor-field-group elementor-column elementor-field-group-email elementor-col-50 elementor-field-required\">\n\t\t\t\t\t\t\t\t\t\t\t\t<label for=\"form-field-email\" class=\"elementor-field-label\">\n\t\t\t\t\t\t\t\tEmail\t\t\t\t\t\t\t<\/label>\n\t\t\t\t\t\t\t\t\t\t\t\t\t\t<input size=\"1\" type=\"email\" name=\"form_fields[email]\" id=\"form-field-email\" class=\"elementor-field elementor-size-sm  elementor-field-textual\" required=\"required\">\n\t\t\t\t\t\t\t\t\t\t\t<\/div>\n\t\t\t\t\t\t\t\t<div class=\"elementor-field-type-text\">\n\t\t\t\t\t<input size=\"1\" type=\"text\" name=\"form_fields[field_d2b86c4]\" id=\"form-field-field_d2b86c4\" class=\"elementor-field elementor-size-sm \" style=\"display:none !important;\">\t\t\t\t<\/div>\n\t\t\t\t\t\t\t\t<div class=\"elementor-field-type-tel elementor-field-group elementor-column elementor-field-group-telefone elementor-col-50\">\n\t\t\t\t\t\t\t\t\t\t\t\t<label for=\"form-field-telefone\" class=\"elementor-field-label\">\n\t\t\t\t\t\t\t\tPhone\t\t\t\t\t\t\t<\/label>\n\t\t\t\t\t\t\t\t<input size=\"1\" type=\"tel\" name=\"form_fields[telefone]\" id=\"form-field-telefone\" class=\"elementor-field elementor-size-sm  elementor-field-textual\" pattern=\"[0-9()#&amp;+*-=.]+\" title=\"Only numbers and phone characters (#, -, *, etc) are accepted.\">\n\n\t\t\t\t\t\t<\/div>\n\t\t\t\t\t\t\t\t<div class=\"elementor-field-type-checkbox elementor-field-group elementor-column elementor-field-group-assunto elementor-col-50\">\n\t\t\t\t\t\t\t\t\t\t\t\t<label for=\"form-field-assunto\" class=\"elementor-field-label\">\n\t\t\t\t\t\t\t\tSubject\t\t\t\t\t\t\t<\/label>\n\t\t\t\t\t\t<div class=\"elementor-field-subgroup  \"><span class=\"elementor-field-option\"><input type=\"checkbox\" value=\"Budget Request \" id=\"form-field-assunto-0\" name=\"form_fields[assunto][]\"> <label for=\"form-field-assunto-0\">Budget Request <\/label><\/span><span class=\"elementor-field-option\"><input type=\"checkbox\" value=\"Another question\" id=\"form-field-assunto-1\" name=\"form_fields[assunto][]\"> <label for=\"form-field-assunto-1\">Another question<\/label><\/span><\/div>\t\t\t\t<\/div>\n\t\t\t\t\t\t\t\t<div class=\"elementor-field-type-textarea elementor-field-group elementor-column elementor-field-group-mensagem elementor-col-100\">\n\t\t\t\t\t\t\t\t\t\t\t\t<label for=\"form-field-mensagem\" class=\"elementor-field-label\">\n\t\t\t\t\t\t\t\tMessage\t\t\t\t\t\t\t<\/label>\n\t\t\t\t\t\t<textarea class=\"elementor-field-textual elementor-field  elementor-size-sm\" name=\"form_fields[mensagem]\" id=\"form-field-mensagem\" rows=\"6\"><\/textarea>\t\t\t\t<\/div>\n\t\t\t\t\t\t\t\t<div class=\"elementor-field-type-acceptance elementor-field-group elementor-column elementor-field-group-field_c477a31 elementor-col-100 elementor-field-required\">\n\t\t\t\t\t\t\t<div class=\"elementor-field-subgroup\">\n\t\t\t<span class=\"elementor-field-option\">\n\t\t\t\t<input type=\"checkbox\" name=\"form_fields[field_c477a31]\" id=\"form-field-field_c477a31\" class=\"elementor-field elementor-size-sm  elementor-acceptance-field\" required=\"required\">\n\t\t\t\t<label for=\"form-field-field_c477a31\"><span style=\"font-size:80%;\">I consent to the processing of my personal data as described on the page <a href=\"\/en\/privacy-policy\/\" style=\"color:#ddd;\">Privacy Policy<\/a>. <\/span><\/label>\t\t\t<\/span>\n\t\t<\/div>\n\t\t\t\t\t\t<\/div>\n\t\t\t\t\t\t\t\t<div class=\"elementor-field-group elementor-column elementor-field-type-submit elementor-col-100 e-form__buttons\">\n\t\t\t\t\t<button class=\"elementor-button elementor-size-sm elementor-animation-float\" type=\"submit\">\n\t\t\t\t\t\t<span class=\"elementor-button-content-wrapper\">\n\t\t\t\t\t\t\t\t\t\t\t\t\t\t\t\t\t\t\t\t\t\t<span class=\"elementor-button-text\">Send<\/span>\n\t\t\t\t\t\t\t\t\t\t\t\t\t<\/span>\n\t\t\t\t\t<\/button>\n\t\t\t\t<\/div>\n\t\t\t<\/div>\n\t\t<\/form>\n\t\t\t\t\t\t<\/div>\n\t\t\t\t<\/div>\n\t\t\t\t<\/div>\n\t\t\t\t<\/div>\n\t\t\t\t\t<\/div>\n\t\t\t\t<\/div>\n\t\t<div class=\"elementor-element elementor-element-0af3b2a e-con-full e-flex e-con e-parent\" data-id=\"0af3b2a\" data-element_type=\"container\" data-e-type=\"container\">\n\t\t<div class=\"elementor-element elementor-element-4690814 e-con-full e-flex e-con e-child\" data-id=\"4690814\" data-element_type=\"container\" data-e-type=\"container\">\n\t\t\t\t<div class=\"elementor-element elementor-element-f275b77 elementor-widget elementor-widget-google_maps\" data-id=\"f275b77\" data-element_type=\"widget\" data-e-type=\"widget\" data-widget_type=\"google_maps.default\">\n\t\t\t\t<div class=\"elementor-widget-container\">\n\t\t\t\t\t\t\t<div class=\"elementor-custom-embed\">\n\t\t\t<iframe loading=\"lazy\"\n\t\t\t\t\tsrc=\"https:\/\/maps.google.com\/maps?q=Rua%20Pedro%20%C3%81lvares%20Cabral%2C%20n%C2%BA%209%2C%20RC%20D%2C%202500-290%20Caldas%20da%20Rainha&#038;t=m&#038;z=16&#038;output=embed&#038;iwloc=near\"\n\t\t\t\t\ttitle=\"Rua Pedro \u00c1lvares Cabral, n\u00ba 9, RC D, 2500-290 Caldas da Rainha\"\n\t\t\t\t\taria-label=\"Rua Pedro \u00c1lvares Cabral, n\u00ba 9, RC D, 2500-290 Caldas da Rainha\"\n\t\t\t><\/iframe>\n\t\t<\/div>\n\t\t\t\t\t\t<\/div>\n\t\t\t\t<\/div>\n\t\t\t\t<\/div>\n\t\t\t\t<\/div>\n\t\t\t\t<\/div>\n\t\t","protected":false},"excerpt":{"rendered":"<p>Contacts GET IN TOUCH LET&#8217;S TALK! Do you have a question, need a quote or just want to talk about how we can help your project? Get in touch with us by phone, email or using the form below. We&#8217;d love to talk to you! Phone +351 969082517 (1) +351 916183315 (1) E-mail geral.divinediagonal@gmail.com Location [&hellip;]<\/p>\n","protected":false},"author":1,"featured_media":0,"parent":0,"menu_order":0,"comment_status":"closed","ping_status":"closed","template":"elementor_header_footer","meta":{"footnotes":""},"class_list":["post-1045","page","type-page","status-publish","hentry"],"yoast_head":"<!-- This site is optimized with the Yoast SEO plugin v27.2 - https:\/\/yoast.com\/product\/yoast-seo-wordpress\/ -->\n<title>Contacts - Divine Diagonal - Cleaning services Caldas da Rainha<\/title>\n<meta name=\"description\" content=\"Get in touch if you have any questions or would like to request a free quote! Cleaning services for Caldas da Rainha, \u00d3bidos, Peniche, S\u00e3o Martinho do Porto, Alcoba\u00e7a, Lourinh\u00e3 and Torres Vedras. Impeccable, professional and punctual cleaning for all kinds of spaces.\" \/>\n<meta name=\"robots\" content=\"index, follow, max-snippet:-1, max-image-preview:large, max-video-preview:-1\" \/>\n<link rel=\"canonical\" href=\"https:\/\/divinediagonal.pt\/en\/contact\/\" \/>\n<meta property=\"og:locale\" content=\"en_US\" \/>\n<meta property=\"og:type\" content=\"article\" \/>\n<meta property=\"og:title\" content=\"Contacts - Divine Diagonal - Cleaning services Caldas da Rainha\" \/>\n<meta property=\"og:description\" content=\"Get in touch if you have any questions or would like to request a free quote! Cleaning services for Caldas da Rainha, \u00d3bidos, Peniche, S\u00e3o Martinho do Porto, Alcoba\u00e7a, Lourinh\u00e3 and Torres Vedras. Impeccable, professional and punctual cleaning for all kinds of spaces.\" \/>\n<meta property=\"og:url\" content=\"https:\/\/divinediagonal.pt\/en\/contact\/\" \/>\n<meta property=\"og:site_name\" content=\"Divine Diagonal\" \/>\n<meta property=\"article:modified_time\" content=\"2024-12-01T19:19:27+00:00\" \/>\n<meta name=\"twitter:card\" content=\"summary_large_image\" \/>\n<meta name=\"twitter:label1\" content=\"Est. reading time\" \/>\n\t<meta name=\"twitter:data1\" content=\"1 minute\" \/>\n<script type=\"application\/ld+json\" class=\"yoast-schema-graph\">{\"@context\":\"https:\/\/schema.org\",\"@graph\":[{\"@type\":\"WebPage\",\"@id\":\"https:\/\/divinediagonal.pt\/en\/contact\/\",\"url\":\"https:\/\/divinediagonal.pt\/en\/contact\/\",\"name\":\"Contacts - Divine Diagonal - Cleaning services Caldas da Rainha\",\"isPartOf\":{\"@id\":\"https:\/\/divinediagonal.pt\/en\/#website\"},\"datePublished\":\"2024-11-06T14:54:59+00:00\",\"dateModified\":\"2024-12-01T19:19:27+00:00\",\"description\":\"Get in touch if you have any questions or would like to request a free quote! Cleaning services for Caldas da Rainha, \u00d3bidos, Peniche, S\u00e3o Martinho do Porto, Alcoba\u00e7a, Lourinh\u00e3 and Torres Vedras. Impeccable, professional and punctual cleaning for all kinds of spaces.\",\"breadcrumb\":{\"@id\":\"https:\/\/divinediagonal.pt\/en\/contact\/#breadcrumb\"},\"inLanguage\":\"en-US\",\"potentialAction\":[{\"@type\":\"ReadAction\",\"target\":[\"https:\/\/divinediagonal.pt\/en\/contact\/\"]}]},{\"@type\":\"BreadcrumbList\",\"@id\":\"https:\/\/divinediagonal.pt\/en\/contact\/#breadcrumb\",\"itemListElement\":[{\"@type\":\"ListItem\",\"position\":1,\"name\":\"Home\",\"item\":\"https:\/\/divinediagonal.pt\/en\/\"},{\"@type\":\"ListItem\",\"position\":2,\"name\":\"Contact\"}]},{\"@type\":\"WebSite\",\"@id\":\"https:\/\/divinediagonal.pt\/en\/#website\",\"url\":\"https:\/\/divinediagonal.pt\/en\/\",\"name\":\"Divine Diagonal\",\"description\":\"Servi\u00e7os de limpeza para Caldas da Rainha e Zona Oeste\",\"publisher\":{\"@id\":\"https:\/\/divinediagonal.pt\/en\/#organization\"},\"potentialAction\":[{\"@type\":\"SearchAction\",\"target\":{\"@type\":\"EntryPoint\",\"urlTemplate\":\"https:\/\/divinediagonal.pt\/en\/?s={search_term_string}\"},\"query-input\":{\"@type\":\"PropertyValueSpecification\",\"valueRequired\":true,\"valueName\":\"search_term_string\"}}],\"inLanguage\":\"en-US\"},{\"@type\":\"Organization\",\"@id\":\"https:\/\/divinediagonal.pt\/en\/#organization\",\"name\":\"Divine Diagonal Unipessoal, Lda\",\"url\":\"https:\/\/divinediagonal.pt\/en\/\",\"logo\":{\"@type\":\"ImageObject\",\"inLanguage\":\"en-US\",\"@id\":\"https:\/\/divinediagonal.pt\/en\/#\/schema\/logo\/image\/\",\"url\":\"https:\/\/divinediagonal.pt\/wp-content\/uploads\/2024\/11\/Logo-Divine-Diagonal-Limpezas-em-Caldas-da-Rainha.jpg\",\"contentUrl\":\"https:\/\/divinediagonal.pt\/wp-content\/uploads\/2024\/11\/Logo-Divine-Diagonal-Limpezas-em-Caldas-da-Rainha.jpg\",\"width\":1033,\"height\":832,\"caption\":\"Divine Diagonal Unipessoal, Lda\"},\"image\":{\"@id\":\"https:\/\/divinediagonal.pt\/en\/#\/schema\/logo\/image\/\"},\"sameAs\":[\"https:\/\/www.instagram.com\/divine_diagonal\/\"]}]}<\/script>\n<!-- \/ Yoast SEO plugin. -->","yoast_head_json":{"title":"Contacts - Divine Diagonal - Cleaning services Caldas da Rainha","description":"Get in touch if you have any questions or would like to request a free quote! Cleaning services for Caldas da Rainha, \u00d3bidos, Peniche, S\u00e3o Martinho do Porto, Alcoba\u00e7a, Lourinh\u00e3 and Torres Vedras. Impeccable, professional and punctual cleaning for all kinds of spaces.","robots":{"index":"index","follow":"follow","max-snippet":"max-snippet:-1","max-image-preview":"max-image-preview:large","max-video-preview":"max-video-preview:-1"},"canonical":"https:\/\/divinediagonal.pt\/en\/contact\/","og_locale":"en_US","og_type":"article","og_title":"Contacts - Divine Diagonal - Cleaning services Caldas da Rainha","og_description":"Get in touch if you have any questions or would like to request a free quote! Cleaning services for Caldas da Rainha, \u00d3bidos, Peniche, S\u00e3o Martinho do Porto, Alcoba\u00e7a, Lourinh\u00e3 and Torres Vedras. Impeccable, professional and punctual cleaning for all kinds of spaces.","og_url":"https:\/\/divinediagonal.pt\/en\/contact\/","og_site_name":"Divine Diagonal","article_modified_time":"2024-12-01T19:19:27+00:00","twitter_card":"summary_large_image","twitter_misc":{"Est. reading time":"1 minute"},"schema":{"@context":"https:\/\/schema.org","@graph":[{"@type":"WebPage","@id":"https:\/\/divinediagonal.pt\/en\/contact\/","url":"https:\/\/divinediagonal.pt\/en\/contact\/","name":"Contacts - Divine Diagonal - Cleaning services Caldas da Rainha","isPartOf":{"@id":"https:\/\/divinediagonal.pt\/en\/#website"},"datePublished":"2024-11-06T14:54:59+00:00","dateModified":"2024-12-01T19:19:27+00:00","description":"Get in touch if you have any questions or would like to request a free quote! Cleaning services for Caldas da Rainha, \u00d3bidos, Peniche, S\u00e3o Martinho do Porto, Alcoba\u00e7a, Lourinh\u00e3 and Torres Vedras. Impeccable, professional and punctual cleaning for all kinds of spaces.","breadcrumb":{"@id":"https:\/\/divinediagonal.pt\/en\/contact\/#breadcrumb"},"inLanguage":"en-US","potentialAction":[{"@type":"ReadAction","target":["https:\/\/divinediagonal.pt\/en\/contact\/"]}]},{"@type":"BreadcrumbList","@id":"https:\/\/divinediagonal.pt\/en\/contact\/#breadcrumb","itemListElement":[{"@type":"ListItem","position":1,"name":"Home","item":"https:\/\/divinediagonal.pt\/en\/"},{"@type":"ListItem","position":2,"name":"Contact"}]},{"@type":"WebSite","@id":"https:\/\/divinediagonal.pt\/en\/#website","url":"https:\/\/divinediagonal.pt\/en\/","name":"Divine Diagonal","description":"Servi\u00e7os de limpeza para Caldas da Rainha e Zona Oeste","publisher":{"@id":"https:\/\/divinediagonal.pt\/en\/#organization"},"potentialAction":[{"@type":"SearchAction","target":{"@type":"EntryPoint","urlTemplate":"https:\/\/divinediagonal.pt\/en\/?s={search_term_string}"},"query-input":{"@type":"PropertyValueSpecification","valueRequired":true,"valueName":"search_term_string"}}],"inLanguage":"en-US"},{"@type":"Organization","@id":"https:\/\/divinediagonal.pt\/en\/#organization","name":"Divine Diagonal Unipessoal, Lda","url":"https:\/\/divinediagonal.pt\/en\/","logo":{"@type":"ImageObject","inLanguage":"en-US","@id":"https:\/\/divinediagonal.pt\/en\/#\/schema\/logo\/image\/","url":"https:\/\/divinediagonal.pt\/wp-content\/uploads\/2024\/11\/Logo-Divine-Diagonal-Limpezas-em-Caldas-da-Rainha.jpg","contentUrl":"https:\/\/divinediagonal.pt\/wp-content\/uploads\/2024\/11\/Logo-Divine-Diagonal-Limpezas-em-Caldas-da-Rainha.jpg","width":1033,"height":832,"caption":"Divine Diagonal Unipessoal, Lda"},"image":{"@id":"https:\/\/divinediagonal.pt\/en\/#\/schema\/logo\/image\/"},"sameAs":["https:\/\/www.instagram.com\/divine_diagonal\/"]}]}},"_links":{"self":[{"href":"https:\/\/divinediagonal.pt\/en\/wp-json\/wp\/v2\/pages\/1045","targetHints":{"allow":["GET"]}}],"collection":[{"href":"https:\/\/divinediagonal.pt\/en\/wp-json\/wp\/v2\/pages"}],"about":[{"href":"https:\/\/divinediagonal.pt\/en\/wp-json\/wp\/v2\/types\/page"}],"author":[{"embeddable":true,"href":"https:\/\/divinediagonal.pt\/en\/wp-json\/wp\/v2\/users\/1"}],"replies":[{"embeddable":true,"href":"https:\/\/divinediagonal.pt\/en\/wp-json\/wp\/v2\/comments?post=1045"}],"version-history":[{"count":44,"href":"https:\/\/divinediagonal.pt\/en\/wp-json\/wp\/v2\/pages\/1045\/revisions"}],"predecessor-version":[{"id":1161,"href":"https:\/\/divinediagonal.pt\/en\/wp-json\/wp\/v2\/pages\/1045\/revisions\/1161"}],"wp:attachment":[{"href":"https:\/\/divinediagonal.pt\/en\/wp-json\/wp\/v2\/media?parent=1045"}],"curies":[{"name":"wp","href":"https:\/\/api.w.org\/{rel}","templated":true}]}}